{"id":707,"date":"2015-02-02T09:30:03","date_gmt":"2015-02-02T09:30:03","guid":{"rendered":"https:\/\/www.bpelecieux.com\/?page_id=707"},"modified":"2022-01-18T14:50:47","modified_gmt":"2022-01-18T14:50:47","slug":"mentions-legales","status":"publish","type":"page","link":"https:\/\/www.bpelecieux.com\/?page_id=707","title":{"rendered":"Mentions l\u00e9gales"},"content":{"rendered":"<p>[vc_row][vc_column width=\u00a0\u00bb1\/1&Prime;][vc_empty_space height=\u00a0\u00bb106px\u00a0\u00bb][vc_custom_heading text=\u00a0\u00bbMentions l\u00e9gales\u00a0\u00bb font_container=\u00a0\u00bbtag:h2|font_size:40|text_align:center|color:%23dba92c\u00a0\u00bb google_fonts=\u00a0\u00bbfont_family:Montserrat%3Aregular%2C700|font_style:700%20bold%20regular%3A700%3Anormal\u00a0\u00bb][vc_empty_space height=\u00a0\u00bb70px\u00a0\u00bb][vc_column_text]<strong>Propri\u00e9taire<\/strong><\/p>\n<p>Soci\u00e9t\u00e9 BPE Lecieux \u2013 Sarl<\/p>\n<p>RCS Compi\u00e8gne\u00a0340 684 380<\/p>\n<p>N\u00b0 SIRET n\u00b0 34 068 43 80 00025<\/p>\n<p>N\u00b0 TVA intracommunautaire : FR 55\u00a0340 684 380<\/p>\n<p>Code APE : 0811Z<\/p>\n<p>Capital social : 153 000,00 \u20ac<\/p>\n<p>Adresse : Le Verbois, 60740 Saint-Maximin<\/p>\n<p>Directeur de publication : Alain-Williams Lecieux.<\/p>\n<p>&nbsp;<\/p>\n<p><strong>Site<\/strong><\/p>\n<p>Sarl Lcom &#8211; f\u00e9vrier 2015 &#8211; <a href=\"http:\/\/www.lcom-drone.fr\">www.lcom-drone.fr<\/a><\/p>\n<p>\u00a9 Vid\u00e9os et images du portfolio \u00ab\u00a0nos mat\u00e9riaux\u00a0\u00bb : tous droits r\u00e9serv\u00e9s.<\/p>\n<p>&nbsp;<\/p>\n<p><strong>H\u00e9bergeur<\/strong><\/p>\n<p>OVH Sarl<\/p>\n<p>Adresse\u00a0: 2 rue Kellermann \u2013 59100 Roubaix.<\/p>\n<p>&nbsp;<\/p>\n<p><strong>Contenu de ce site<\/strong><\/p>\n<p>Ce site est fourni en tant que service aux personnes qui le visitent. Le groupe BPE Lecieux se r\u00e9serve le droit de supprimer, de modifier ou de compl\u00e9ter les renseignements fournis sur ce site \u00e0 tout moment et pour quelque raison que ce soit, sans qu&rsquo;aucun pr\u00e9avis ne soit n\u00e9cessaire. L&rsquo;utilisateur reconna\u00eet avoir \u00e9t\u00e9 inform\u00e9 que le pr\u00e9sent site est accessible 24 heures sur 24 et 7 jours sur 7, \u00e0 l&rsquo;exception des cas de force majeure, difficult\u00e9s informatiques, difficult\u00e9s li\u00e9es \u00e0 la structure des r\u00e9seaux de communications ou difficult\u00e9s techniques. Pour des raisons de maintenance, le groupe BPE Lecieux pourra interrompre le site et s&rsquo;efforcera d&rsquo;en avertir pr\u00e9alablement les utilisateurs.<\/p>\n<p>&nbsp;<\/p>\n<p><strong>Donn\u00e9es personnelles\u2028<\/strong><\/p>\n<p>En cas de fourniture de donn\u00e9es personnelles nominatives via ce site, ces derni\u00e8res sont destin\u00e9es exclusivement au groupe BPE Lecieux et ne pourront \u00eatre ni revendues ni c\u00e9d\u00e9es \u00e0 un tiers.<\/p>\n<p>&nbsp;<\/p>\n<p><strong>Droits de reproduction\u2028<\/strong><\/p>\n<p>Ce site est exploit\u00e9 par la soci\u00e9t\u00e9 BPE Lecieux. \u2028Chacun des \u00e9l\u00e9ments pr\u00e9sent\u00e9s \u2013 y compris les textes, graphiques, sons, marques, logos et noms de domaine \u2013 apparaissant sur le site <a href=\"https:\/\/www.bpelecieux.com\">www.bpelecieux.com<\/a>\u00a0sont prot\u00e9g\u00e9s par les lois en vigueur sur la propri\u00e9t\u00e9 intellectuelle, et appartiennent \u00e0 la soci\u00e9t\u00e9 BPE Lecieux, ou font l\u2019objet d\u2019une autorisation d\u2019utilisation.\u2028Aucun \u00e9l\u00e9ment composant ce site ne peut \u00eatre copi\u00e9, reproduit, modifi\u00e9, publi\u00e9, r\u00e9\u00e9dit\u00e9, charg\u00e9, d\u00e9natur\u00e9, transmis, post\u00e9 ou distribu\u00e9 de quelque mani\u00e8re que ce soit, sous quelque support que ce soit, de fa\u00e7on partielle ou int\u00e9grale, sans l\u2019autorisation \u00e9crite et pr\u00e9alable de la soci\u00e9t\u00e9 BPE Lecieux \u00e0 l\u2019exception d\u2019une stricte utilisation pour les besoins de la presse et sous r\u00e9serve du respect des droits de propri\u00e9t\u00e9 intellectuelle et de tout autre droit de propri\u00e9t\u00e9 dont il est fait mention.<\/p>\n<p>Toute utilisation autoris\u00e9e des \u00e9l\u00e9ments composant ou figurant dans le site doit se faire sans d\u00e9naturation, modification ou alt\u00e9ration de quelque mani\u00e8re que ce soit. \u2028La soci\u00e9t\u00e9 BPE Lecieux se r\u00e9serve la possibilit\u00e9 de poursuivre tout acte de contrefa\u00e7on. Le pr\u00e9sent contrat, soumis au droit fran\u00e7ais, s\u2019applique dans le monde entier, et seule sa version en langue fran\u00e7aise fait foi en vue de son interpr\u00e9tation.<\/p>\n<p>&nbsp;<\/p>\n<p><strong>Liens hypertextes<\/strong><\/p>\n<p>Les pages de ce site pourront pr\u00e9senter des liens avec d&rsquo;autres sites ou faire des renvois \u00e0 d&rsquo;autres sites. Le groupe BPE Lecieux ne se porte pas garant du contenu de ces autres sites et ne pourra \u00eatre tenue responsable des dommages r\u00e9sultant de l&rsquo;utilisation du contenu de ces sites. Les liens vers d&rsquo;autres sites ne sont fournis que pour la commodit\u00e9 de l&rsquo;utilisateur de ce site Internet.\u2028Le groupe BPE Lecieux n\u2019est pas responsable de l\u2019existence et du contenu de liens d\u2019autres sites vers son site.<\/p>\n<p>&nbsp;<\/p>\n<p><strong>\u00a9 Groupe BPE Lecieux 2015. Derni\u00e8re MaJ 2021.<\/strong>[\/vc_column_text][\/vc_column][\/vc_row][vc_row][vc_column width=\u00a0\u00bb1\/1&Prime;][vc_empty_space height=\u00a0\u00bb50px\u00a0\u00bb][vc_button2 title=\u00a0\u00bbRETOUR\u00a0\u00bb align=\u00a0\u00bbcenter\u00a0\u00bb style=\u00a0\u00bbrounded\u00a0\u00bb color=\u00a0\u00bbgrey\u00a0\u00bb size=\u00a0\u00bbmd\u00a0\u00bb link=\u00a0\u00bburl:http%3A%2F%2Fwww.bpelecieux.com||\u00a0\u00bb][vc_empty_space height=\u00a0\u00bb50px\u00a0\u00bb][\/vc_column][\/vc_row]<\/p>\n","protected":false},"excerpt":{"rendered":"<p>[vc_row][vc_column width=\u00a0\u00bb1\/1&Prime;][vc_empty_space height=\u00a0\u00bb106px\u00a0\u00bb][vc_custom_heading text=\u00a0\u00bbMentions l\u00e9gales\u00a0\u00bb font_container=\u00a0\u00bbtag:h2|font_size:40|text_align:center|color:%23dba92c\u00a0\u00bb google_fonts=\u00a0\u00bbfont_family:Montserrat%3Aregular%2C700|font_style:700%20bold%20regular%3A700%3Anormal\u00a0\u00bb][vc_empty_space height=\u00a0\u00bb70px\u00a0\u00bb][vc_column_text]Propri\u00e9taire Soci\u00e9t\u00e9 BPE Lecieux \u2013 Sarl RCS Compi\u00e8gne\u00a0340 684 380 N\u00b0 SIRET n\u00b0 34 068 43 80 00025 N\u00b0 TVA intracommunautaire : FR 55\u00a0340 684 380 Code APE : 0811Z Capital social : 153 000,00 \u20ac Adresse : Le Verbois, 60740 Saint-Maximin Directeur de publication : Alain-Williams Lecieux. [&hellip;]<\/p>\n","protected":false},"author":1,"featured_media":0,"parent":0,"menu_order":0,"comment_status":"open","ping_status":"open","template":"page-templates\/template-canvas-dark.php","meta":{"_monsterinsights_skip_tracking":false,"_monsterinsights_sitenote_active":false,"_monsterinsights_sitenote_note":"","_monsterinsights_sitenote_category":0},"_links":{"self":[{"href":"https:\/\/www.bpelecieux.com\/index.php?rest_route=\/wp\/v2\/pages\/707"}],"collection":[{"href":"https:\/\/www.bpelecieux.com\/index.php?rest_route=\/wp\/v2\/pages"}],"about":[{"href":"https:\/\/www.bpelecieux.com\/index.php?rest_route=\/wp\/v2\/types\/page"}],"author":[{"embeddable":true,"href":"https:\/\/www.bpelecieux.com\/index.php?rest_route=\/wp\/v2\/users\/1"}],"replies":[{"embeddable":true,"href":"https:\/\/www.bpelecieux.com\/index.php?rest_route=%2Fwp%2Fv2%2Fcomments&post=707"}],"version-history":[{"count":17,"href":"https:\/\/www.bpelecieux.com\/index.php?rest_route=\/wp\/v2\/pages\/707\/revisions"}],"predecessor-version":[{"id":1371,"href":"https:\/\/www.bpelecieux.com\/index.php?rest_route=\/wp\/v2\/pages\/707\/revisions\/1371"}],"wp:attachment":[{"href":"https:\/\/www.bpelecieux.com\/index.php?rest_route=%2Fwp%2Fv2%2Fmedia&parent=707"}],"curies":[{"name":"wp","href":"https:\/\/api.w.org\/{rel}","templated":true}]}}